{"id":585,"date":"2016-01-05T12:26:37","date_gmt":"2016-01-05T11:26:37","guid":{"rendered":"http:\/\/www.rseapmu.org\/?page_id=585"},"modified":"2019-02-24T13:57:23","modified_gmt":"2019-02-24T12:57:23","slug":"proyecto-carmesi","status":"publish","type":"page","link":"http:\/\/www.rseapmu.org\/?page_id=585","title":{"rendered":"Proyecto Carmes\u00ed"},"content":{"rendered":"<p>La Real Sociedad Econ\u00f3mica de Murcia posee un archivo hist\u00f3rico ordenado y digitalizado, que se encuentra en la web <a title=\"Proyecto Carmes\u00ed\" href=\"http:\/\/www.regmurcia.com\/servlet\/s.Sl?METHOD=CUADROCLASIFICACION&amp;sit=c,373,m,139,serv,Carmesi\" target=\"_blank\">Proyecto Carmes\u00ed .<\/a><\/p>\n<p>El Proyecto CARMES\u00cd (<strong>C<\/strong>at\u00e1logo de <strong>A<\/strong>rchivos de la <strong>R<\/strong>egi\u00f3n de <strong>M<\/strong>urcia <strong>e<\/strong>n la <strong>S<\/strong>ociedad de la <strong>I<\/strong>nformaci\u00f3n) naci\u00f3 con una doble finalidad: la difusi\u00f3n del patrimonio documental de la Regi\u00f3n de Murcia y la protecci\u00f3n del mismo para asegurar su conservaci\u00f3n. Estos objetivos, antag\u00f3nicos hasta fechas recientes, son perfectamente compatibles gracias a las Tecnolog\u00edas de la Informaci\u00f3n y las Comunicaciones que permiten difundir los documentos a todo el mundo, v\u00eda Internet, al tiempo que se evita la manipulaci\u00f3n de los originales por lo que se asegura su preservaci\u00f3n. Las modernas t\u00e9cnicas de digitalizaci\u00f3n adem\u00e1s de obtener una copia fidedigna de cada documento, permiten el tratamiento posterior de las im\u00e1genes para eliminar manchas, mejorar su apariencia o reconstruir virtualmente zonas da\u00f1adas en los documentos originales.<\/p>\n<p>El Proyecto est\u00e1 concebido de forma que resulta imprescindible la cooperaci\u00f3n entre distintos organismos, instituciones y administraciones. La Fundaci\u00f3n Integra y la Fundaci\u00f3n S\u00e9neca han estado adscritas a distintas Consejer\u00edas de la Comunidad Aut\u00f3noma de la Regi\u00f3n de Murcia, a lo largo de las distintas fases del proyecto, al igual que el departamento de Cultura se ha integrado con diversas \u00e1reas funcionales para constituir una Consejer\u00eda, pero han sido siempre parte sustancial del mismo. Adem\u00e1s de las fundaciones y Consejer\u00edas se han firmado, hasta ahora, convenios con 19 Ayuntamientos de la Regi\u00f3n de Murcia, con Caja Mediterr\u00e1neo (CAM), <strong><em>la Real Sociedad Econ\u00f3mica de Amigos del Pa\u00eds de Murcia<\/em><\/strong>, e incluso con alg\u00fan coleccionista privado, poseedores de archivos hist\u00f3ricos. En virtud de estos convenios la Fundaci\u00f3n Integra asume los compromisos de colaborar en la definici\u00f3n, planificaci\u00f3n y desarrollo de las acciones del proyecto CARMES\u00cd, y de efectuar la contrataci\u00f3n de las acciones relacionadas con la digitalizaci\u00f3n de los archivos y su difusi\u00f3n a trav\u00e9s del portal Regi\u00f3n de Murcia Digital (<a href=\"http:\/\/www.regmurcia.com\" target=\"_blank\"><em>www.regmurcia.com<\/em><\/a>).<\/p>\n","protected":false},"excerpt":{"rendered":"<p>La Real Sociedad Econ\u00f3mica de Murcia posee un archivo hist\u00f3rico ordenado y digitalizado, que se encuentra en la web Proyecto Carmes\u00ed . El Proyecto CARMES\u00cd (Cat\u00e1logo de Archivos de la Regi\u00f3n de Murcia en la Sociedad de la Informaci\u00f3n) naci\u00f3 &hellip; <a href=\"http:\/\/www.rseapmu.org\/?page_id=585\">Sigue leyendo <span class=\"meta-nav\">&rarr;<\/span><\/a><\/p>\n","protected":false},"author":1,"featured_media":0,"parent":0,"menu_order":0,"comment_status":"closed","ping_status":"closed","template":"","meta":[],"_links":{"self":[{"href":"http:\/\/www.rseapmu.org\/index.php?rest_route=\/wp\/v2\/pages\/585"}],"collection":[{"href":"http:\/\/www.rseapmu.org\/index.php?rest_route=\/wp\/v2\/pages"}],"about":[{"href":"http:\/\/www.rseapmu.org\/index.php?rest_route=\/wp\/v2\/types\/page"}],"author":[{"embeddable":true,"href":"http:\/\/www.rseapmu.org\/index.php?rest_route=\/wp\/v2\/users\/1"}],"replies":[{"embeddable":true,"href":"http:\/\/www.rseapmu.org\/index.php?rest_route=%2Fwp%2Fv2%2Fcomments&post=585"}],"version-history":[{"count":2,"href":"http:\/\/www.rseapmu.org\/index.php?rest_route=\/wp\/v2\/pages\/585\/revisions"}],"predecessor-version":[{"id":825,"href":"http:\/\/www.rseapmu.org\/index.php?rest_route=\/wp\/v2\/pages\/585\/revisions\/825"}],"wp:attachment":[{"href":"http:\/\/www.rseapmu.org\/index.php?rest_route=%2Fwp%2Fv2%2Fmedia&parent=585"}],"curies":[{"name":"wp","href":"https:\/\/api.w.org\/{rel}","templated":true}]}}