{"id":567,"date":"2016-01-05T11:43:16","date_gmt":"2016-01-05T10:43:16","guid":{"rendered":"http:\/\/www.rseapmu.org\/?page_id=567"},"modified":"2019-02-24T13:53:09","modified_gmt":"2019-02-24T12:53:09","slug":"convenios","status":"publish","type":"page","link":"http:\/\/www.rseapmu.org\/?page_id=567","title":{"rendered":"Convenios"},"content":{"rendered":"<p>&nbsp;<\/p>\n<p style=\"text-align: justify;\">El d\u00eda 25 de Febrero, el Director de la Real Sociedad Econ\u00f3mica de Amigos del Pa\u00eds de Murcia, D. Juan \u00c1ngel Espa\u00f1a Tal\u00f3n y el Gerente de la Fundaci\u00f3n Cajamurcia, D. Pascual Mart\u00ednez Ortiz, firmaron el acuerdo de colaboraci\u00f3n para el desarrollo de actividades y proyectos de esta Sociedad.<\/p>\n<p style=\"text-align: justify;\">\n<p><a href=\"http:\/\/www.rseapmu.org\/convenios\/5-2\/\" rel=\"attachment wp-att-660\"><img decoding=\"async\" loading=\"lazy\" class=\"aligncenter size-thumbnail wp-image-660\" src=\"http:\/\/www.rseapmu.org\/wp-content\/uploads\/2016\/01\/5-1-150x150.jpg\" alt=\"5\" width=\"150\" height=\"150\" \/><\/a><a href=\"http:\/\/www.rseapmu.org\/convenios\/9-2\/\" rel=\"attachment wp-att-661\"><img decoding=\"async\" loading=\"lazy\" class=\"size-thumbnail wp-image-661 aligncenter\" src=\"http:\/\/www.rseapmu.org\/wp-content\/uploads\/2016\/01\/9-2-150x150.jpg\" alt=\"9 (2)\" width=\"150\" height=\"150\" \/><\/a><\/p>\n<p>&nbsp;<\/p>\n<p>&nbsp;<\/p>\n","protected":false},"excerpt":{"rendered":"<p>&nbsp; El d\u00eda 25 de Febrero, el Director de la Real Sociedad Econ\u00f3mica de Amigos del Pa\u00eds de Murcia, D. Juan \u00c1ngel Espa\u00f1a Tal\u00f3n y el Gerente de la Fundaci\u00f3n Cajamurcia, D. Pascual Mart\u00ednez Ortiz, firmaron el acuerdo de colaboraci\u00f3n &hellip; <a href=\"http:\/\/www.rseapmu.org\/?page_id=567\">Sigue leyendo <span class=\"meta-nav\">&rarr;<\/span><\/a><\/p>\n","protected":false},"author":1,"featured_media":0,"parent":0,"menu_order":0,"comment_status":"closed","ping_status":"closed","template":"","meta":[],"_links":{"self":[{"href":"http:\/\/www.rseapmu.org\/index.php?rest_route=\/wp\/v2\/pages\/567"}],"collection":[{"href":"http:\/\/www.rseapmu.org\/index.php?rest_route=\/wp\/v2\/pages"}],"about":[{"href":"http:\/\/www.rseapmu.org\/index.php?rest_route=\/wp\/v2\/types\/page"}],"author":[{"embeddable":true,"href":"http:\/\/www.rseapmu.org\/index.php?rest_route=\/wp\/v2\/users\/1"}],"replies":[{"embeddable":true,"href":"http:\/\/www.rseapmu.org\/index.php?rest_route=%2Fwp%2Fv2%2Fcomments&post=567"}],"version-history":[{"count":3,"href":"http:\/\/www.rseapmu.org\/index.php?rest_route=\/wp\/v2\/pages\/567\/revisions"}],"predecessor-version":[{"id":809,"href":"http:\/\/www.rseapmu.org\/index.php?rest_route=\/wp\/v2\/pages\/567\/revisions\/809"}],"wp:attachment":[{"href":"http:\/\/www.rseapmu.org\/index.php?rest_route=%2Fwp%2Fv2%2Fmedia&parent=567"}],"curies":[{"name":"wp","href":"https:\/\/api.w.org\/{rel}","templated":true}]}}