{"id":552,"date":"2016-01-05T11:36:54","date_gmt":"2016-01-05T10:36:54","guid":{"rendered":"http:\/\/www.rseapmu.org\/?page_id=552"},"modified":"2019-02-24T13:56:15","modified_gmt":"2019-02-24T12:56:15","slug":"patrimonio","status":"publish","type":"page","link":"http:\/\/www.rseapmu.org\/?page_id=552","title":{"rendered":"Patrimonio"},"content":{"rendered":"<p align=\"justify\">La Real Sociedad Econ\u00f3mica cuenta con un importante patrimonio cultural fruto de sus m\u00e1s de doscientos a\u00f1os de historia. La intensa actividad que ha desarrollado la instituci\u00f3n desde sus inicios y la importancia dada a la conservaci\u00f3n de sus fondos ha hecho que hoy podamos contar un rico Archivo en el que se recoge parte de la historia de la Regi\u00f3n de Murcia desde finales del siglo XVIII. Gracias a la importancia otorgada a la Ense\u00f1anza,\u00a0al fomento de la econom\u00eda, del desarrollo y a la difusi\u00f3n del conocimiento\u00a0hoy contamos con una Biblioteca, de unos cuatro mil vol\u00famenes, con un importante fondo antiguo.<\/p>\n<p align=\"justify\">Del mismo modo, las ideas de la instituci\u00f3n se han plasmado en una colecci\u00f3n de obras de arte constituida por la denominada Galer\u00eda de Retratos de Murcianos Ilustres en la que, desde mediados del siglo XIX, se fue inmortalizando la memoria de los personajes que han supuesto una aportaci\u00f3n al desarrollo de esta tierra por medio de lienzos realizados por pintores como Juan Albacete y Long, Antonio Nicol\u00e1s o Antonio Meseguer, entre otros. El resto de la Colecci\u00f3n est\u00e1 compuesto por obras de pintores como G\u00f3mez Cano, Gil Montejano, Sanz Fargas, Sobejano o Mu\u00f1oz Barber\u00e1n y de los escultores Jos\u00e9 Planes y S\u00e1nchez Tapia, todos ellos relacionados con la Real Sociedad y con su Academia.<\/p>\n","protected":false},"excerpt":{"rendered":"<p>La Real Sociedad Econ\u00f3mica cuenta con un importante patrimonio cultural fruto de sus m\u00e1s de doscientos a\u00f1os de historia. La intensa actividad que ha desarrollado la instituci\u00f3n desde sus inicios y la importancia dada a la conservaci\u00f3n de sus fondos &hellip; <a href=\"http:\/\/www.rseapmu.org\/?page_id=552\">Sigue leyendo <span class=\"meta-nav\">&rarr;<\/span><\/a><\/p>\n","protected":false},"author":1,"featured_media":0,"parent":0,"menu_order":0,"comment_status":"closed","ping_status":"closed","template":"","meta":[],"_links":{"self":[{"href":"http:\/\/www.rseapmu.org\/index.php?rest_route=\/wp\/v2\/pages\/552"}],"collection":[{"href":"http:\/\/www.rseapmu.org\/index.php?rest_route=\/wp\/v2\/pages"}],"about":[{"href":"http:\/\/www.rseapmu.org\/index.php?rest_route=\/wp\/v2\/types\/page"}],"author":[{"embeddable":true,"href":"http:\/\/www.rseapmu.org\/index.php?rest_route=\/wp\/v2\/users\/1"}],"replies":[{"embeddable":true,"href":"http:\/\/www.rseapmu.org\/index.php?rest_route=%2Fwp%2Fv2%2Fcomments&post=552"}],"version-history":[{"count":3,"href":"http:\/\/www.rseapmu.org\/index.php?rest_route=\/wp\/v2\/pages\/552\/revisions"}],"predecessor-version":[{"id":820,"href":"http:\/\/www.rseapmu.org\/index.php?rest_route=\/wp\/v2\/pages\/552\/revisions\/820"}],"wp:attachment":[{"href":"http:\/\/www.rseapmu.org\/index.php?rest_route=%2Fwp%2Fv2%2Fmedia&parent=552"}],"curies":[{"name":"wp","href":"https:\/\/api.w.org\/{rel}","templated":true}]}}