{"id":519,"date":"2016-01-05T10:44:01","date_gmt":"2016-01-05T09:44:01","guid":{"rendered":"http:\/\/www.rseapmu.org\/?page_id=519"},"modified":"2019-02-24T13:55:49","modified_gmt":"2019-02-24T12:55:49","slug":"junta-directiva","status":"publish","type":"page","link":"http:\/\/www.rseapmu.org\/?page_id=519","title":{"rendered":"Junta Directiva"},"content":{"rendered":"<div class=\"entry-content clearfix\">\n<p><strong>Junta Directiva desde Junio 2016<\/strong><\/p>\n<p style=\"text-align: center;\"><strong>Presidente: <\/strong>Jos\u00e9 Manuel de la Pe\u00f1a S\u00e1nchez<\/p>\n<p style=\"text-align: center;\"><strong>Vicepresidenta<\/strong>: Cristina Gutierrez-Cortinez Corral<\/p>\n<p style=\"text-align: center;\">\n<p style=\"text-align: center;\"><strong>\u00a0Secretario<\/strong>: D. Fernando Armario S\u00e1nchez<\/p>\n<p style=\"text-align: center;\">\n<p style=\"text-align: center;\">\u00a0\u00a0\u00a0\u00a0\u00a0\u00a0<strong>\u00a0\u00a0 Tesorero<\/strong>: D. Antonio Garc\u00eda-Nieto G\u00f3mez-Guillam\u00f3n<\/p>\n<p style=\"text-align: center;\">\n<p style=\"text-align: center;\">\u00a0\u00a0\u00a0\u00a0\u00a0\u00a0\u00a0\u00a0\u00a0\u00a0\u00a0\u00a0<strong> Vocal<\/strong>: D. Antonio de B\u00e9jar Mart\u00ednez<\/p>\n<p style=\"text-align: center;\">\n<p style=\"text-align: center;\"><strong>\u00a0\u00a0\u00a0\u00a0\u00a0\u00a0\u00a0Voca<\/strong>l: D. Alfredo G\u00f3mez Hita<\/p>\n<p style=\"text-align: center;\">\u00a0<strong>\u00a0 Voca<\/strong>l: D. Juan Navarro Barba<\/p>\n<p style=\"text-align: center;\">\n<p style=\"text-align: center;\">\u00a0 \u00a0 \u00a0 \u00a0 \u00a0 \u00a0 \u00a0 \u00a0 \u00a0 \u00a0<strong>Vocal<\/strong>: D\u00f1a. Purificaci\u00f3n Rodr\u00edguez Ru\u00edz.<\/p>\n<p style=\"text-align: left;\">\n<p style=\"text-align: left;\">\n<p><strong>Junta Directiva desde Noviembre 2015<\/strong><\/p>\n<ul>\n<li><strong>Director:<\/strong> Juan \u00c1ngel Espa\u00f1a Tal\u00f3n<\/li>\n<li><strong>Vicedirector:<\/strong> Jos\u00e9 Egea Ib\u00e1\u00f1ez<\/li>\n<li><strong>Secretario:<\/strong> Fernando Armario S\u00e1nchez<\/li>\n<li><strong>Tesorero:<\/strong> Antonio Garc\u00eda-Nieto G\u00f3mez-Guillam\u00f3n<\/li>\n<li><strong>Vocales:<\/strong> Alfredo G\u00f3mez Hita, Cristina Guti\u00e9rrez-Cortines Corral, Carmen Hern\u00e1ndez Foulqui\u00e9.<\/li>\n<\/ul>\n<h2>Junta Directiva desde Mayo de 2014<\/h2>\n<ul>\n<li><strong>Director:<\/strong> Jos\u00e9 Egea Ib\u00e1\u00f1ez.<\/li>\n<li><strong>Vicedirector:<\/strong> Juan \u00c1ngel Espa\u00f1a Tal\u00f3n.<\/li>\n<li><strong>Secretario:<\/strong> Germ\u00e1n Manuel Teruel Lozano.<\/li>\n<li><strong>Tesorero:<\/strong> Antonio Garc\u00eda-Nieto G\u00f3mez-Guillam\u00f3n.<\/li>\n<li><strong>Vocales:<\/strong> Carmen Hern\u00e1ndez Foulqui\u00e9, Cristina Guti\u00e9rrez-Cortines Corral, Fernando Armario S\u00e1nchez, Juan Manuel Robles O\u00f1ate, Alfredo G\u00f3mez Hita.<\/li>\n<\/ul>\n<h2>Anterior Junta Directiva 2014<\/h2>\n<ul>\n<li>Jos\u00e9 Egea Ib\u00e1\u00f1ez. Director<\/li>\n<li>Juan \u00c1ngel Espa\u00f1a Tal\u00f3n. Vice-director<\/li>\n<li>Juan Manuel Robles O\u00f1ate. Secretario<\/li>\n<li>Jos\u00e9 Antonio Caride de Li\u00f1\u00e1n. Tesorero<\/li>\n<li>Fernando Armario S\u00e1nchez. Vocal<\/li>\n<li>Juan J\u00f3dar Mart\u00ednez. Vocal<\/li>\n<li>Carmen Hern\u00e1ndez Foulqui\u00e9. Vocal<\/li>\n<\/ul>\n<\/div>\n","protected":false},"excerpt":{"rendered":"<p>Junta Directiva desde Junio 2016 Presidente: Jos\u00e9 Manuel de la Pe\u00f1a S\u00e1nchez Vicepresidenta: Cristina Gutierrez-Cortinez Corral \u00a0Secretario: D. Fernando Armario S\u00e1nchez \u00a0\u00a0\u00a0\u00a0\u00a0\u00a0\u00a0\u00a0 Tesorero: D. Antonio Garc\u00eda-Nieto G\u00f3mez-Guillam\u00f3n \u00a0\u00a0\u00a0\u00a0\u00a0\u00a0\u00a0\u00a0\u00a0\u00a0\u00a0\u00a0 Vocal: D. Antonio de B\u00e9jar Mart\u00ednez \u00a0\u00a0\u00a0\u00a0\u00a0\u00a0\u00a0Vocal: D. Alfredo G\u00f3mez Hita \u00a0\u00a0 &hellip; <a href=\"http:\/\/www.rseapmu.org\/?page_id=519\">Sigue leyendo <span class=\"meta-nav\">&rarr;<\/span><\/a><\/p>\n","protected":false},"author":1,"featured_media":0,"parent":0,"menu_order":0,"comment_status":"closed","ping_status":"closed","template":"","meta":[],"_links":{"self":[{"href":"http:\/\/www.rseapmu.org\/index.php?rest_route=\/wp\/v2\/pages\/519"}],"collection":[{"href":"http:\/\/www.rseapmu.org\/index.php?rest_route=\/wp\/v2\/pages"}],"about":[{"href":"http:\/\/www.rseapmu.org\/index.php?rest_route=\/wp\/v2\/types\/page"}],"author":[{"embeddable":true,"href":"http:\/\/www.rseapmu.org\/index.php?rest_route=\/wp\/v2\/users\/1"}],"replies":[{"embeddable":true,"href":"http:\/\/www.rseapmu.org\/index.php?rest_route=%2Fwp%2Fv2%2Fcomments&post=519"}],"version-history":[{"count":6,"href":"http:\/\/www.rseapmu.org\/index.php?rest_route=\/wp\/v2\/pages\/519\/revisions"}],"predecessor-version":[{"id":818,"href":"http:\/\/www.rseapmu.org\/index.php?rest_route=\/wp\/v2\/pages\/519\/revisions\/818"}],"wp:attachment":[{"href":"http:\/\/www.rseapmu.org\/index.php?rest_route=%2Fwp%2Fv2%2Fmedia&parent=519"}],"curies":[{"name":"wp","href":"https:\/\/api.w.org\/{rel}","templated":true}]}}