{"id":517,"date":"2016-01-05T10:42:55","date_gmt":"2016-01-05T09:42:55","guid":{"rendered":"http:\/\/www.rseapmu.org\/?page_id=517"},"modified":"2019-02-24T13:54:09","modified_gmt":"2019-02-24T12:54:09","slug":"estrategia-de-la-rseapmu","status":"publish","type":"page","link":"http:\/\/www.rseapmu.org\/?page_id=517","title":{"rendered":"Estrategia de la RSEAPMU"},"content":{"rendered":"<p style=\"text-align: justify;\"><strong>Introducci\u00f3n general<\/strong><\/p>\n<p style=\"text-align: justify;\">Despu\u00e9s de la reflexi\u00f3n sobre nuestra identidad y mirando la historia. Ya en el 2002 durante la reuni\u00f3n de las RR.SS.EE. se presento una Ponencia que trataba de orientar el futuro de la Real Sociedad Econ\u00f3mica de Murcia, entonces repasamos las \u00e9pocas hist\u00f3ricas y los modelos de actuaci\u00f3n que se desarrollaron: la ense\u00f1anza con la creaci\u00f3n de c\u00e1tedras como: Agricultura, Pol\u00edtica Econ\u00f3mica, Dibujo y otras para crear una sociedad con mayor conocimiento. La introducci\u00f3n de la tecnolog\u00eda de manera especial la agraria que incidir\u00eda en la productividad. El desarrollo de la beneficencia coincidiendo con \u00e9pocas de calamidades: inundaciones y sequ\u00edas. Las obras publicas que trataron de integrarnos en el territorio espa\u00f1ol y dentro de las obras publicas la defensa contra las inundaciones, y la b\u00fasqueda continua del recurso agua desde 1777 a 1972.<\/p>\n<p style=\"text-align: justify;\">Posteriormente en los a\u00f1os 1972-1982 se desarrollo una enorme actividad. Fueron a\u00f1os de una actuaci\u00f3n publica decidida e influyente que nos permiti\u00f3 acoger en nuestra Sociedad un gran grupo de ciudadanos comprometidos y de ideolog\u00eda plural. Nuestras principales actuaciones fueron: defensa del patrimonio, salvando varios edificios de vital importancia para Murcia como el palacio de San Esteban y el Seminario Diocesano. Planteamos con documentaci\u00f3n y razonamientos la delimitaci\u00f3n del Centro Hist\u00f3rico, acompa\u00f1ado de un listado con edificios que habr\u00eda que conservar. Se presento una alegaci\u00f3n, que consider\u00e1bamos de gran importancia y que fue admitida, referida a la relaci\u00f3n entre superficies de espacios verdes y edificaciones. Se hicieron mesas redondas sobre la historia de la Cultura Murciana: teatro, arte, historia, literatura, recursos naturales y m\u00fasica. Se estudio ampliaci\u00f3n de la Universidad con nuevas facultades. Ayudamos al Ministro Joaqu\u00edn Garrigues a la terminaci\u00f3n del Trasvase Tajo \u2013 Segura con escritos publicados en peri\u00f3dicos y un folleto justificativo que se distribuyo en las Cortes. Se desarrollaron reuniones internacionales con ponentes tra\u00eddos de Europa para el enfoque de los nuevos regad\u00edos e industrias del Trasvase Tajo- Segura.<br \/>\nEsta actividad se vio cortada durante siete a\u00f1os, por causas ajenas, y produjo un desenganche de la sociedad civil y de nuestros propios socios, tenemos que reconocer que la incorporaci\u00f3n en aquellos a\u00f1os fue intensa y fruct\u00edfera, pero que termino con una dispersi\u00f3n de muchos de ellos que pasaron a la vida pol\u00edtica, sus empresas y la universidad y se desentendieron de nuestra Sociedad que se encontraba paralizada. Esta corta reflexi\u00f3n nos obliga tener presente nuestra historia, por otra parte, nos legitima a desarrollar l\u00edneas que consideramos las adecuadas, dentro de los principios que se exponen en nuestra presentaci\u00f3n.<\/p>\n<p style=\"text-align: justify;\">Al estar dentro de una Regi\u00f3n con Pol\u00edticas y Administraciones propias, debemos movernos en espacios que no supongan solapes con las competencias locales. En Murcia existe una pol\u00edtica cultural con conciertos, exposiciones, cine, teatro, presentaci\u00f3n de libros y conferencias; un conjunto continuo y denso que desarrolla la propia Comunidad Aut\u00f3noma, la Universidad y otras Instituciones. Sin embargo citando al anterior Director en el discurso del 200 aniversario de la creaci\u00f3n de esta Sociedad que fue en 1977, podemos seguir diciendo \u201c Las Reales Sociedades, al no tener encomendada ninguna funci\u00f3n organizativa o de defensa de intereses o dogmas, pueden dedicar su trabajo a estudiar soluciones o formulaciones nuevas, a problemas intelectuales o pr\u00e1cticos de su entorno, tratando de evitar que se produzca un desfase frecuente entre la evoluci\u00f3n y la sociedad frente a las formas, opiniones o normativa que la rigen\u201d<\/p>\n<p style=\"text-align: justify;\">Ahora nos encontramos ante un mundo en turbulencia con fuerzas independientes que operan cada vez mas en la globalizaci\u00f3n creando nuevos retos para: la t\u00e9cnica, la econom\u00eda, las finazas, la \u00e9tica, la geopol\u00edtica, las culturas y las religiones. Es claro que desde aqu\u00ed y con nuestros solos principios y trabajo no podemos influir sobre el sistema que se mueve como un torbellino, pero tambi\u00e9n sabemos que esa realidad confusa nos proporciona situaciones concretas a las que tendremos que adaptarnos. Adaptarnos a una realidad, supone su conocimiento y si esta realidad se mueve, como acabamos de decir, nos obligara a la elecci\u00f3n de proyectos y su ejecuci\u00f3n progresiva, es decir t\u00e1cticas dentro de una estrategia mas generalizada.<\/p>\n<p style=\"text-align: justify;\">El futuro que vendr\u00e1, en el cual viviran muchos de los que estamos hoy d\u00eda sobre la faz de la tierra, se esta delineado como empez\u00f3 en 1974 con el debate del Mundo en la Encrucijada y desde entonces hay que considerar el mundo diacr\u00f3nico que se mueve en el tiempo y delimitar los Escenarios en los que estaremos presentes. Afortunadamente, nosotros en nuestras regiones, disfrutamos de dos corrientes analistas por encima de nosotros, la Uni\u00f3n Europea y nuestro propio Estado, ambos definen pol\u00edticas que nos afectan.<\/p>\n<p style=\"text-align: justify;\">Europa de una manera particular, dada su composici\u00f3n de estados y diversidad de partidos adem\u00e1s de su organizaci\u00f3n en: Parlamento, Comisi\u00f3n y Consejo de Europa, trabaja con gran libertad y continuamente en los Escenarios futuros, muchas veces, en fases intermedias, podemos identificar estos Escenarios en los cuales tendremos que movernos pr\u00f3ximamente. El caso m\u00e1s cercano, fueron los Acuerdos de Lisboa del 2000. All\u00ed se defini\u00f3 la Sociedad futura que deber\u00eda \u201c ir hacia la Innovaci\u00f3n y el Conocimiento\u201d, este Escenario tambi\u00e9n fue definido por la UNESCO en su publicaci\u00f3n del 2005 y andando el tiempo el proyecto \u201cacto jur\u00eddico preparatorio 52006DC117\u201d defini\u00f3 \u201cel camino hacia la Sociedad Europea del Conocimiento \u2013 con la contribuci\u00f3n de la Sociedad Civil Organizada.<\/p>\n<p style=\"text-align: justify;\">La evidencia de este proceso adem\u00e1s de la experiencia de varios socios en el desarrollo de proyectos de futuro, nos puso en camino de un avance que permiti\u00f3 presentar nuestra ponencia en el Congreso de la Laguna en 2002 bajo el concepto de \u201c la demanda de avances cient\u00edficos: investigaci\u00f3n, innovaci\u00f3n, experimentaci\u00f3n\u201d.<\/p>\n<p style=\"text-align: justify;\">Posteriormente en nuestras Asambleas y Juntas Directivas se adoptaron acuerdos para nuestro posicionamiento de Murcia como Regi\u00f3n del Conocimiento.<\/p>\n<p style=\"text-align: justify;\"><strong>El Plan Estrat\u00e9gico<\/strong><\/p>\n<p style=\"text-align: justify;\">Para implantar progresivamente el plan estrat\u00e9gico, debemos mirar hacia nosotros mismos y diagnosticar los puntos fuertes y d\u00e9biles sobre los que tendremos que apoyarnos. Nuestro punto mas fuerte es la percepci\u00f3n dentro de la Regi\u00f3n de nuestra Sociedad . La mayor debilidad es incorporar personas y elementos de la sociedad civil a los objetivos que se derivan de la reflexi\u00f3n que trata de observar el futuro.<\/p>\n<p style=\"text-align: justify;\">La primera l\u00ednea sobre la que se va a apoyar la estrategia viene de nuestra historia con personas, hechos relevantes en el desarrollo econ\u00f3mico de la Regi\u00f3n de Murcia o incidencias en momentos dif\u00edciles, todos ellos pertenecen a una memoria que queremos mantener como una l\u00ednea; potenciarla con tesis doctorales, algunas ya se han hecho, exposiciones, conferencias y publicaciones.<br \/>\nPara ello estamos poniendo a punto el patrimonio que tenemos, de manera que, pueda ser conocido y usado desde el exterior por las personas que estudien historia, alimentando el conocimiento con las circunstancias que ocurrieron en cada caso, en ese sentido, ofreceremos pr\u00f3ximamente nuestros archivos digitalizados y en las redes oportunas para su consulta, igualmente la biblioteca debidamente catalogada con los sistemas requeridos para su uso. Por otra parte estamos restaurando cuadros, dibujos y biblioteca hist\u00f3rica, para visualizaci\u00f3n est\u00e9tica y apreciaci\u00f3n de los contenidos culturales de otras \u00e9pocas.<\/p>\n<p style=\"text-align: justify;\">La segunda l\u00ednea de nuestra estrategia es seguir presentes en el discurso que permita identificar y proponer soluciones de futuro. Como hemos indicado anteriormente, estaremos dentro de la Sociedad del Conocimiento para producir teor\u00eda propia y adaptaci\u00f3n con la necesidad de la innovaci\u00f3n en todos los campos: industrial, organizativo, social, pol\u00edtico y econ\u00f3mico.<br \/>\nPara definir esta estrategia global debemos dirigir nuestro trabajo a situaciones complejas reales que necesitan del an\u00e1lisis y debate al objeto de producir informes. En este sentido estaremos presentes en los debates sobre escenarios futuros: agua, energ\u00eda y globalizaci\u00f3n son algunos para los que convocaremos foros, para producir documentos y mantener continuidad. Algunos de nuestros viajes ya los hemos tenido y tratamos de articular las propuestas en nuestro entorno.<\/p>\n<p style=\"text-align: right;\">Jos\u00e9 Egea Iba\u00f1ez<\/p>\n","protected":false},"excerpt":{"rendered":"<p>Introducci\u00f3n general Despu\u00e9s de la reflexi\u00f3n sobre nuestra identidad y mirando la historia. Ya en el 2002 durante la reuni\u00f3n de las RR.SS.EE. se presento una Ponencia que trataba de orientar el futuro de la Real Sociedad Econ\u00f3mica de Murcia, &hellip; <a href=\"http:\/\/www.rseapmu.org\/?page_id=517\">Sigue leyendo <span class=\"meta-nav\">&rarr;<\/span><\/a><\/p>\n","protected":false},"author":1,"featured_media":0,"parent":0,"menu_order":0,"comment_status":"closed","ping_status":"closed","template":"","meta":[],"_links":{"self":[{"href":"http:\/\/www.rseapmu.org\/index.php?rest_route=\/wp\/v2\/pages\/517"}],"collection":[{"href":"http:\/\/www.rseapmu.org\/index.php?rest_route=\/wp\/v2\/pages"}],"about":[{"href":"http:\/\/www.rseapmu.org\/index.php?rest_route=\/wp\/v2\/types\/page"}],"author":[{"embeddable":true,"href":"http:\/\/www.rseapmu.org\/index.php?rest_route=\/wp\/v2\/users\/1"}],"replies":[{"embeddable":true,"href":"http:\/\/www.rseapmu.org\/index.php?rest_route=%2Fwp%2Fv2%2Fcomments&post=517"}],"version-history":[{"count":2,"href":"http:\/\/www.rseapmu.org\/index.php?rest_route=\/wp\/v2\/pages\/517\/revisions"}],"predecessor-version":[{"id":812,"href":"http:\/\/www.rseapmu.org\/index.php?rest_route=\/wp\/v2\/pages\/517\/revisions\/812"}],"wp:attachment":[{"href":"http:\/\/www.rseapmu.org\/index.php?rest_route=%2Fwp%2Fv2%2Fmedia&parent=517"}],"curies":[{"name":"wp","href":"https:\/\/api.w.org\/{rel}","templated":true}]}}