{"id":33,"date":"2012-03-15T12:37:42","date_gmt":"2012-03-15T12:37:42","guid":{"rendered":"http:\/\/www.rsemu.es\/?page_id=33"},"modified":"2019-02-24T13:59:26","modified_gmt":"2019-02-24T12:59:26","slug":"otras-webs-de-interes","status":"publish","type":"page","link":"http:\/\/www.rseapmu.org\/?page_id=33","title":{"rendered":"Enlaces de Inter\u00e9s"},"content":{"rendered":"<p>OTRAS REALES SOCIEDADES ECON\u00d3MICAS:<\/p>\n<ul>\n<li><a href=\"http:\/\/www.bascongada.org\/\" target=\"new\">Real Sociedad Bascongada de Amigos del Pa\u00eds<\/a><\/li>\n<li><a href=\"http:\/\/goya.unizar.es\/InfoGoya\/Aragon\/AmigosPais.html\" target=\"new\">Real Sociedad Econ\u00f3mica Aragonesa de Amigos del Pa\u00eds<\/a><\/li>\n<li><a href=\"http:\/\/www.fuisicar.org\/\" target=\"new\">Real Sociedad Econ\u00f3mica de Amigos del Pa\u00eds de Cartagena<\/a><\/li>\n<li><a href=\"http:\/\/www.rseapgc.com\/\" target=\"new\">Real Sociedad Econ\u00f3mica de Amigos del Pa\u00eds de Gran Canaria<\/a><\/li>\n<li><a href=\"http:\/\/www.realsociedadeconomicajaen.com\/\" target=\"new\">Real Sociedad Econ\u00f3mica de Amigos del Pa\u00eds de la ciudad y el Reino de Ja\u00e9n<\/a><\/li>\n<li><a href=\"http:\/\/www.rseapt.com\/\" target=\"new\">Real Sociedad Econ\u00f3mica de Amigos del Pa\u00eds de Tenerife<\/a><\/li>\n<li><a href=\"http:\/\/www.uv.es\/rseapv\/web\" target=\"new\">Real Sociedad Econ\u00f3mica de Amigos del Pa\u00eds de Valencia<\/a><\/li>\n<li><a href=\"http:\/\/www.economicamatritense.com\/\" target=\"new\">Real Sociedad Econ\u00f3mica Matritense de Amigos del Pa\u00eds<\/a><\/li>\n<li><a href=\"http:\/\/www.rseeap.org\/\" target=\"new\">Real Sociedad Econ\u00f3mica Extreme\u00f1a de Amigos del Pa\u00eds de Badajoz<\/a><\/li>\n<li><a href=\"http:\/\/www.sebap.com\/castellano\/inicial.html\" target=\"new\">Sociedad Econ\u00f3mica Barcelonesa de Amigos del Pa\u00eds<\/a><\/li>\n<li><a href=\"http:\/\/www.seapcolombia.org\/\" target=\"new\">Sociedad Econ\u00f3mica de Amigos del pais de Bogot\u00e1 D.C.Colombia<\/a><\/li>\n<li><a href=\"http:\/\/www.liebana.org\/\" target=\"new\">Sociedad Econ\u00f3mica de Amigos del Pais de Li\u00e9bana<\/a><\/li>\n<li><a href=\"http:\/\/www.seap.cult.cu\/\" target=\"new\">Sociedad Econ\u00f3mica de Amigos del Pais de La Habana<\/a><\/li>\n<li><a href=\"http:\/\/www.rseapvejer.com\/\" target=\"new\">Real Sociedad Econ\u00f3mica de Amigos del Pa\u00eds de Vejer<\/a><\/li>\n<li><a href=\"http:\/\/www.economicadesantiago.org\/\" target=\"new\">Real Sociedad Econ\u00f3mica de Amigos del Pa\u00eds de la Ciudad de Santiago<\/a><\/li>\n<li><a title=\"Sociedades Econ\u00f3micas\" href=\"http:\/\/es.wikipedia.org\/wiki\/Sociedad_Econ%C3%B3mica_de_Amigos_del_Pa%C3%ADs\" target=\"_blank\">Otras Sociedades Econ\u00f3micas (Wikipedia)<\/a><\/li>\n<\/ul>\n<p>ORGANISMOS OFICIALES:<\/p>\n<ul>\n<li><a href=\"http:\/\/europa.eu\/index_es.htm\" target=\"new\">Union Europea<\/a><\/li>\n<li><a href=\"http:\/\/www.la-moncloa.es\/default.htm\" target=\"new\">Gobierno de Espa\u00f1a<\/a><\/li>\n<li><a href=\"http:\/\/www.carm.es\/\" target=\"new\">Comunidad Aut\u00f3noma de la Regi\u00f3n de Murcia<\/a><\/li>\n<li><a href=\"http:\/\/www.ayto-murcia.es\/\" target=\"new\">Ayutamiento de Murcia<\/a><\/li>\n<\/ul>\n","protected":false},"excerpt":{"rendered":"<p>OTRAS REALES SOCIEDADES ECON\u00d3MICAS: Real Sociedad Bascongada de Amigos del Pa\u00eds Real Sociedad Econ\u00f3mica Aragonesa de Amigos del Pa\u00eds Real Sociedad Econ\u00f3mica de Amigos del Pa\u00eds de Cartagena Real Sociedad Econ\u00f3mica de Amigos del Pa\u00eds de Gran Canaria Real Sociedad &hellip; <a href=\"http:\/\/www.rseapmu.org\/?page_id=33\">Sigue leyendo <span class=\"meta-nav\">&rarr;<\/span><\/a><\/p>\n","protected":false},"author":1,"featured_media":0,"parent":0,"menu_order":13,"comment_status":"closed","ping_status":"open","template":"","meta":[],"_links":{"self":[{"href":"http:\/\/www.rseapmu.org\/index.php?rest_route=\/wp\/v2\/pages\/33"}],"collection":[{"href":"http:\/\/www.rseapmu.org\/index.php?rest_route=\/wp\/v2\/pages"}],"about":[{"href":"http:\/\/www.rseapmu.org\/index.php?rest_route=\/wp\/v2\/types\/page"}],"author":[{"embeddable":true,"href":"http:\/\/www.rseapmu.org\/index.php?rest_route=\/wp\/v2\/users\/1"}],"replies":[{"embeddable":true,"href":"http:\/\/www.rseapmu.org\/index.php?rest_route=%2Fwp%2Fv2%2Fcomments&post=33"}],"version-history":[{"count":11,"href":"http:\/\/www.rseapmu.org\/index.php?rest_route=\/wp\/v2\/pages\/33\/revisions"}],"predecessor-version":[{"id":831,"href":"http:\/\/www.rseapmu.org\/index.php?rest_route=\/wp\/v2\/pages\/33\/revisions\/831"}],"wp:attachment":[{"href":"http:\/\/www.rseapmu.org\/index.php?rest_route=%2Fwp%2Fv2%2Fmedia&parent=33"}],"curies":[{"name":"wp","href":"https:\/\/api.w.org\/{rel}","templated":true}]}}