{"id":274,"date":"2013-12-24T13:21:42","date_gmt":"2013-12-24T12:21:42","guid":{"rendered":"http:\/\/www.gestionarsiglo21.com\/?page_id=274"},"modified":"2019-02-24T13:53:50","modified_gmt":"2019-02-24T12:53:50","slug":"cultura-y-patrimonio","status":"publish","type":"page","link":"http:\/\/www.rseapmu.org\/?page_id=274","title":{"rendered":"Cultura y Patrimonio"},"content":{"rendered":"<p style=\"text-align: justify;\">La Real Sociedad Econ\u00f3mica de Murcia posee una Pinacoteca de 30 cuadros, archivo hist\u00f3rico ordenado y digitalizado, que se encuentra en la web <a title=\"Proyecto Carmes\u00ed\" href=\"http:\/\/www.regmurcia.com\/servlet\/s.Sl?METHOD=CUADROCLASIFICACION&amp;sit=c,373,m,139,serv,Carmesi\" target=\"_blank\">Proyecto Carmes\u00ed <\/a>\u00a0y tambi\u00e9n una Biblioteca hist\u00f3rica y actual. Todo este patrimonio unido a tres rese\u00f1as hist\u00f3ricas que comienzan en 1777 y termina en 1989, integra un proceso cultural de varias dimensiones: Informes y Actividades en muchos campos, Exposiciones, actuaciones en Ponencias fuera de Espa\u00f1a, Conferencias de todos los aspectos de la Pol\u00edtica, la Econom\u00eda y la Cultura, impartidos por grandes profesionales, algunos tra\u00eddos de fuera de Espa\u00f1a. Pero, tampoco queremos renunciar a actuaciones directas de patrimonio y culturales, como puede ser el teatro o la literatura.<\/p>\n","protected":false},"excerpt":{"rendered":"<p>La Real Sociedad Econ\u00f3mica de Murcia posee una Pinacoteca de 30 cuadros, archivo hist\u00f3rico ordenado y digitalizado, que se encuentra en la web Proyecto Carmes\u00ed \u00a0y tambi\u00e9n una Biblioteca hist\u00f3rica y actual. Todo este patrimonio unido a tres rese\u00f1as hist\u00f3ricas &hellip; <a href=\"http:\/\/www.rseapmu.org\/?page_id=274\">Sigue leyendo <span class=\"meta-nav\">&rarr;<\/span><\/a><\/p>\n","protected":false},"author":1,"featured_media":0,"parent":0,"menu_order":0,"comment_status":"closed","ping_status":"open","template":"","meta":[],"_links":{"self":[{"href":"http:\/\/www.rseapmu.org\/index.php?rest_route=\/wp\/v2\/pages\/274"}],"collection":[{"href":"http:\/\/www.rseapmu.org\/index.php?rest_route=\/wp\/v2\/pages"}],"about":[{"href":"http:\/\/www.rseapmu.org\/index.php?rest_route=\/wp\/v2\/types\/page"}],"author":[{"embeddable":true,"href":"http:\/\/www.rseapmu.org\/index.php?rest_route=\/wp\/v2\/users\/1"}],"replies":[{"embeddable":true,"href":"http:\/\/www.rseapmu.org\/index.php?rest_route=%2Fwp%2Fv2%2Fcomments&post=274"}],"version-history":[{"count":4,"href":"http:\/\/www.rseapmu.org\/index.php?rest_route=\/wp\/v2\/pages\/274\/revisions"}],"predecessor-version":[{"id":811,"href":"http:\/\/www.rseapmu.org\/index.php?rest_route=\/wp\/v2\/pages\/274\/revisions\/811"}],"wp:attachment":[{"href":"http:\/\/www.rseapmu.org\/index.php?rest_route=%2Fwp%2Fv2%2Fmedia&parent=274"}],"curies":[{"name":"wp","href":"https:\/\/api.w.org\/{rel}","templated":true}]}}