{"id":268,"date":"2013-12-24T13:19:50","date_gmt":"2013-12-24T12:19:50","guid":{"rendered":"http:\/\/www.gestionarsiglo21.com\/?page_id=268"},"modified":"2019-02-24T13:53:35","modified_gmt":"2019-02-24T12:53:35","slug":"crisis-sistemica","status":"publish","type":"page","link":"http:\/\/www.rseapmu.org\/?page_id=268","title":{"rendered":"Crisis Sist\u00e9mica"},"content":{"rendered":"<p><!--[if gte mso 9]><xml>\n<w:worddocument>\n<w:view>Normal<\/w:view>\n<w:zoom>0<\/w:zoom>\n<w:trackmoves><\/w:trackmoves>\n<w:trackformatting><\/w:trackformatting>\n<w:hyphenationzone>21<\/w:hyphenationzone>\n<w:punctuationkerning><\/w:punctuationkerning>\n<w:validateagainstschemas><\/w:validateagainstschemas>\n<w:saveifxmlinvalid>false<\/w:saveifxmlinvalid>\n<w:ignoremixedcontent>false<\/w:ignoremixedcontent>\n<w:alwaysshowplaceholdertext>false<\/w:alwaysshowplaceholdertext>\n<w:donotpromoteqf><\/w:donotpromoteqf>\n<w:lidthemeother>ES<\/w:lidthemeother>\n<w:lidthemeasian>X-NONE<\/w:lidthemeasian>\n<w:lidthemecomplexscript>X-NONE<\/w:lidthemecomplexscript>\n<w:compatibility>\n<w:breakwrappedtables><\/w:breakwrappedtables>\n<w:snaptogridincell><\/w:snaptogridincell>\n<w:wraptextwithpunct><\/w:wraptextwithpunct>\n<w:useasianbreakrules><\/w:useasianbreakrules>\n<w:dontgrowautofit><\/w:dontgrowautofit>\n<w:splitpgbreakandparamark><\/w:splitpgbreakandparamark>\n<w:dontvertaligncellwithsp><\/w:dontvertaligncellwithsp>\n<w:dontbreakconstrainedforcedtables><\/w:dontbreakconstrainedforcedtables>\n<w:dontvertalignintxbx><\/w:dontvertalignintxbx>\n<w:word11kerningpairs><\/w:word11kerningpairs>\n<w:cachedcolbalance><\/w:cachedcolbalance>\n<\/w:compatibility>\n<m:mathpr>\n<m:mathfont m:val=\"Cambria Math\"><\/m:mathfont>\n<m:brkbin m:val=\"before\"><\/m:brkbin>\n<m:brkbinsub m:val=\"--\"><\/m:brkbinsub>\n<m:smallfrac m:val=\"off\"><\/m:smallfrac>\n<m:dispdef><\/m:dispdef>\n<m:lmargin m:val=\"0\"><\/m:lmargin>\n<m:rmargin m:val=\"0\"><\/m:rmargin>\n<m:defjc m:val=\"centerGroup\"><\/m:defjc>\n<m:wrapindent m:val=\"1440\"><\/m:wrapindent>\n<m:intlim m:val=\"subSup\"><\/m:intlim>\n<m:narylim m:val=\"undOvr\"><\/m:narylim>\n<\/m:mathpr><\/w:worddocument>\n<\/xml>< ![endif]--><\/p>\n<p><!--[if gte mso 9]><xml>\n<w:latentstyles DefLockedState=\"false\" DefUnhideWhenUsed=\"true\"\nDefSemiHidden=\"true\" DefQFormat=\"false\" DefPriority=\"99\"\nLatentStyleCount=\"267\">\n<w:lsdexception Locked=\"false\" Priority=\"0\" SemiHidden=\"false\"\nUnhideWhenUsed=\"false\" QFormat=\"true\" Name=\"Normal\"><\/w:lsdexception>\n<w:lsdexception Locked=\"false\" Priority=\"9\" SemiHidden=\"false\"\nUnhideWhenUsed=\"false\" QFormat=\"true\" Name=\"heading 1\"><\/w:lsdexception>\n<w:lsdexception Locked=\"false\" Priority=\"9\" QFormat=\"true\" Name=\"heading 2\"><\/w:lsdexception>\n<w:lsdexception Locked=\"false\" Priority=\"9\" QFormat=\"true\" Name=\"heading 3\"><\/w:lsdexception>\n<w:lsdexception Locked=\"false\" Priority=\"9\" QFormat=\"true\" Name=\"heading 4\"><\/w:lsdexception>\n<w:lsdexception Locked=\"false\" Priority=\"9\" QFormat=\"true\" Name=\"heading 5\"><\/w:lsdexception>\n<w:lsdexception Locked=\"false\" Priority=\"9\" QFormat=\"true\" Name=\"heading 6\"><\/w:lsdexception>\n<w:lsdexception Locked=\"false\" Priority=\"9\" QFormat=\"true\" Name=\"heading 7\"><\/w:lsdexception>\n<w:lsdexception Locked=\"false\" Priority=\"9\" QFormat=\"true\" Name=\"heading 8\"><\/w:lsdexception>\n<w:lsdexception Locked=\"false\" Priority=\"9\" QFormat=\"true\" Name=\"heading 9\"><\/w:lsdexception>\n<w:lsdexception Locked=\"false\" Priority=\"39\" Name=\"toc 1\"><\/w:lsdexception>\n<w:lsdexception Locked=\"false\" Priority=\"39\" Name=\"toc 2\"><\/w:lsdexception>\n<w:lsdexception Locked=\"false\" Priority=\"39\" Name=\"toc 3\"><\/w:lsdexception>\n<w:lsdexception Locked=\"false\" Priority=\"39\" Name=\"toc 4\"><\/w:lsdexception>\n<w:lsdexception Locked=\"false\" Priority=\"39\" Name=\"toc 5\"><\/w:lsdexception>\n<w:lsdexception Locked=\"false\" Priority=\"39\" Name=\"toc 6\"><\/w:lsdexception>\n<w:lsdexception Locked=\"false\" Priority=\"39\" Name=\"toc 7\"><\/w:lsdexception>\n<w:lsdexception Locked=\"false\" Priority=\"39\" Name=\"toc 8\"><\/w:lsdexception>\n<w:lsdexception Locked=\"false\" Priority=\"39\" Name=\"toc 9\"><\/w:lsdexception>\n<w:lsdexception Locked=\"false\" Priority=\"35\" QFormat=\"true\" Name=\"caption\"><\/w:lsdexception>\n<w:lsdexception Locked=\"false\" Priority=\"10\" SemiHidden=\"false\"\nUnhideWhenUsed=\"false\" QFormat=\"true\" Name=\"Title\"><\/w:lsdexception>\n<w:lsdexception Locked=\"false\" Priority=\"1\" Name=\"Default Paragraph Font\"><\/w:lsdexception>\n<w:lsdexception Locked=\"false\" Priority=\"11\" SemiHidden=\"false\"\nUnhideWhenUsed=\"false\" QFormat=\"true\" Name=\"Subtitle\"><\/w:lsdexception>\n<w:lsdexception Locked=\"false\" Priority=\"22\" SemiHidden=\"false\"\nUnhideWhenUsed=\"false\" QFormat=\"true\" Name=\"Strong\"><\/w:lsdexception>\n<w:lsdexception Locked=\"false\" Priority=\"20\" SemiHidden=\"false\"\nUnhideWhenUsed=\"false\" QFormat=\"true\" Name=\"Emphasis\"><\/w:lsdexception>\n<w:lsdexception Locked=\"false\" Priority=\"59\" SemiHidden=\"false\"\nUnhideWhenUsed=\"false\" Name=\"Table Grid\"><\/w:lsdexception>\n<w:lsdexception Locked=\"false\" UnhideWhenUsed=\"false\" Name=\"Placeholder Text\"><\/w:lsdexception>\n<w:lsdexception Locked=\"false\" Priority=\"1\" SemiHidden=\"false\"\nUnhideWhenUsed=\"false\" QFormat=\"true\" Name=\"No Spacing\"><\/w:lsdexception>\n<w:lsdexception Locked=\"false\" Priority=\"60\" SemiHidden=\"false\"\nUnhideWhenUsed=\"false\" Name=\"Light Shading\"><\/w:lsdexception>\n<w:lsdexception Locked=\"false\" Priority=\"61\" SemiHidden=\"false\"\nUnhideWhenUsed=\"false\" Name=\"Light List\"><\/w:lsdexception>\n<w:lsdexception Locked=\"false\" Priority=\"62\" SemiHidden=\"false\"\nUnhideWhenUsed=\"false\" Name=\"Light Grid\"><\/w:lsdexception>\n<w:lsdexception Locked=\"false\" Priority=\"63\" SemiHidden=\"false\"\nUnhideWhenUsed=\"false\" Name=\"Medium Shading 1\"><\/w:lsdexception>\n<w:lsdexception Locked=\"false\" Priority=\"64\" SemiHidden=\"false\"\nUnhideWhenUsed=\"false\" Name=\"Medium Shading 2\"><\/w:lsdexception>\n<w:lsdexception Locked=\"false\" Priority=\"65\" SemiHidden=\"false\"\nUnhideWhenUsed=\"false\" Name=\"Medium List 1\"><\/w:lsdexception>\n<w:lsdexception Locked=\"false\" Priority=\"66\" SemiHidden=\"false\"\nUnhideWhenUsed=\"false\" Name=\"Medium List 2\"><\/w:lsdexception>\n<w:lsdexception Locked=\"false\" Priority=\"67\" SemiHidden=\"false\"\nUnhideWhenUsed=\"false\" Name=\"Medium Grid 1\"><\/w:lsdexception>\n<w:lsdexception Locked=\"false\" Priority=\"68\" SemiHidden=\"false\"\nUnhideWhenUsed=\"false\" Name=\"Medium Grid 2\"><\/w:lsdexception>\n<w:lsdexception Locked=\"false\" Priority=\"69\" SemiHidden=\"false\"\nUnhideWhenUsed=\"false\" Name=\"Medium Grid 3\"><\/w:lsdexception>\n<w:lsdexception Locked=\"false\" Priority=\"70\" SemiHidden=\"false\"\nUnhideWhenUsed=\"false\" Name=\"Dark List\"><\/w:lsdexception>\n<w:lsdexception Locked=\"false\" Priority=\"71\" SemiHidden=\"false\"\nUnhideWhenUsed=\"false\" Name=\"Colorful Shading\"><\/w:lsdexception>\n<w:lsdexception Locked=\"false\" Priority=\"72\" SemiHidden=\"false\"\nUnhideWhenUsed=\"false\" Name=\"Colorful List\"><\/w:lsdexception>\n<w:lsdexception Locked=\"false\" Priority=\"73\" SemiHidden=\"false\"\nUnhideWhenUsed=\"false\" Name=\"Colorful Grid\"><\/w:lsdexception>\n<w:lsdexception Locked=\"false\" Priority=\"60\" SemiHidden=\"false\"\nUnhideWhenUsed=\"false\" Name=\"Light Shading Accent 1\"><\/w:lsdexception>\n<w:lsdexception Locked=\"false\" Priority=\"61\" SemiHidden=\"false\"\nUnhideWhenUsed=\"false\" Name=\"Light List Accent 1\"><\/w:lsdexception>\n<w:lsdexception Locked=\"false\" Priority=\"62\" SemiHidden=\"false\"\nUnhideWhenUsed=\"false\" Name=\"Light Grid Accent 1\"><\/w:lsdexception>\n<w:lsdexception Locked=\"false\" Priority=\"63\" SemiHidden=\"false\"\nUnhideWhenUsed=\"false\" Name=\"Medium Shading 1 Accent 1\"><\/w:lsdexception>\n<w:lsdexception Locked=\"false\" Priority=\"64\" SemiHidden=\"false\"\nUnhideWhenUsed=\"false\" Name=\"Medium Shading 2 Accent 1\"><\/w:lsdexception>\n<w:lsdexception Locked=\"false\" Priority=\"65\" SemiHidden=\"false\"\nUnhideWhenUsed=\"false\" Name=\"Medium List 1 Accent 1\"><\/w:lsdexception>\n<w:lsdexception Locked=\"false\" UnhideWhenUsed=\"false\" Name=\"Revision\"><\/w:lsdexception>\n<w:lsdexception Locked=\"false\" Priority=\"34\" SemiHidden=\"false\"\nUnhideWhenUsed=\"false\" QFormat=\"true\" Name=\"List Paragraph\"><\/w:lsdexception>\n<w:lsdexception Locked=\"false\" Priority=\"29\" SemiHidden=\"false\"\nUnhideWhenUsed=\"false\" QFormat=\"true\" Name=\"Quote\"><\/w:lsdexception>\n<w:lsdexception Locked=\"false\" Priority=\"30\" SemiHidden=\"false\"\nUnhideWhenUsed=\"false\" QFormat=\"true\" Name=\"Intense Quote\"><\/w:lsdexception>\n<w:lsdexception Locked=\"false\" Priority=\"66\" SemiHidden=\"false\"\nUnhideWhenUsed=\"false\" Name=\"Medium List 2 Accent 1\"><\/w:lsdexception>\n<w:lsdexception Locked=\"false\" Priority=\"67\" SemiHidden=\"false\"\nUnhideWhenUsed=\"false\" Name=\"Medium Grid 1 Accent 1\"><\/w:lsdexception>\n<w:lsdexception Locked=\"false\" Priority=\"68\" SemiHidden=\"false\"\nUnhideWhenUsed=\"false\" Name=\"Medium Grid 2 Accent 1\"><\/w:lsdexception>\n<w:lsdexception Locked=\"false\" Priority=\"69\" SemiHidden=\"false\"\nUnhideWhenUsed=\"false\" Name=\"Medium Grid 3 Accent 1\"><\/w:lsdexception>\n<w:lsdexception Locked=\"false\" Priority=\"70\" SemiHidden=\"false\"\nUnhideWhenUsed=\"false\" Name=\"Dark List Accent 1\"><\/w:lsdexception>\n<w:lsdexception Locked=\"false\" Priority=\"71\" SemiHidden=\"false\"\nUnhideWhenUsed=\"false\" Name=\"Colorful Shading Accent 1\"><\/w:lsdexception>\n<w:lsdexception Locked=\"false\" Priority=\"72\" SemiHidden=\"false\"\nUnhideWhenUsed=\"false\" Name=\"Colorful List Accent 1\"><\/w:lsdexception>\n<w:lsdexception Locked=\"false\" Priority=\"73\" SemiHidden=\"false\"\nUnhideWhenUsed=\"false\" Name=\"Colorful Grid Accent 1\"><\/w:lsdexception>\n<w:lsdexception Locked=\"false\" Priority=\"60\" SemiHidden=\"false\"\nUnhideWhenUsed=\"false\" Name=\"Light Shading Accent 2\"><\/w:lsdexception>\n<w:lsdexception Locked=\"false\" Priority=\"61\" SemiHidden=\"false\"\nUnhideWhenUsed=\"false\" Name=\"Light List Accent 2\"><\/w:lsdexception>\n<w:lsdexception Locked=\"false\" Priority=\"62\" SemiHidden=\"false\"\nUnhideWhenUsed=\"false\" Name=\"Light Grid Accent 2\"><\/w:lsdexception>\n<w:lsdexception Locked=\"false\" Priority=\"63\" SemiHidden=\"false\"\nUnhideWhenUsed=\"false\" Name=\"Medium Shading 1 Accent 2\"><\/w:lsdexception>\n<w:lsdexception Locked=\"false\" Priority=\"64\" SemiHidden=\"false\"\nUnhideWhenUsed=\"false\" Name=\"Medium Shading 2 Accent 2\"><\/w:lsdexception>\n<w:lsdexception Locked=\"false\" Priority=\"65\" SemiHidden=\"false\"\nUnhideWhenUsed=\"false\" Name=\"Medium List 1 Accent 2\"><\/w:lsdexception>\n<w:lsdexception Locked=\"false\" Priority=\"66\" SemiHidden=\"false\"\nUnhideWhenUsed=\"false\" Name=\"Medium List 2 Accent 2\"><\/w:lsdexception>\n<w:lsdexception Locked=\"false\" Priority=\"67\" SemiHidden=\"false\"\nUnhideWhenUsed=\"false\" Name=\"Medium Grid 1 Accent 2\"><\/w:lsdexception>\n<w:lsdexception Locked=\"false\" Priority=\"68\" SemiHidden=\"false\"\nUnhideWhenUsed=\"false\" Name=\"Medium Grid 2 Accent 2\"><\/w:lsdexception>\n<w:lsdexception Locked=\"false\" Priority=\"69\" SemiHidden=\"false\"\nUnhideWhenUsed=\"false\" Name=\"Medium Grid 3 Accent 2\"><\/w:lsdexception>\n<w:lsdexception Locked=\"false\" Priority=\"70\" SemiHidden=\"false\"\nUnhideWhenUsed=\"false\" Name=\"Dark List Accent 2\"><\/w:lsdexception>\n<w:lsdexception Locked=\"false\" Priority=\"71\" SemiHidden=\"false\"\nUnhideWhenUsed=\"false\" Name=\"Colorful Shading Accent 2\"><\/w:lsdexception>\n<w:lsdexception Locked=\"false\" Priority=\"72\" SemiHidden=\"false\"\nUnhideWhenUsed=\"false\" Name=\"Colorful List Accent 2\"><\/w:lsdexception>\n<w:lsdexception Locked=\"false\" Priority=\"73\" SemiHidden=\"false\"\nUnhideWhenUsed=\"false\" Name=\"Colorful Grid Accent 2\"><\/w:lsdexception>\n<w:lsdexception Locked=\"false\" Priority=\"60\" SemiHidden=\"false\"\nUnhideWhenUsed=\"false\" Name=\"Light Shading Accent 3\"><\/w:lsdexception>\n<w:lsdexception Locked=\"false\" Priority=\"61\" SemiHidden=\"false\"\nUnhideWhenUsed=\"false\" Name=\"Light List Accent 3\"><\/w:lsdexception>\n<w:lsdexception Locked=\"false\" Priority=\"62\" SemiHidden=\"false\"\nUnhideWhenUsed=\"false\" Name=\"Light Grid Accent 3\"><\/w:lsdexception>\n<w:lsdexception Locked=\"false\" Priority=\"63\" SemiHidden=\"false\"\nUnhideWhenUsed=\"false\" Name=\"Medium Shading 1 Accent 3\"><\/w:lsdexception>\n<w:lsdexception Locked=\"false\" Priority=\"64\" SemiHidden=\"false\"\nUnhideWhenUsed=\"false\" Name=\"Medium Shading 2 Accent 3\"><\/w:lsdexception>\n<w:lsdexception Locked=\"false\" Priority=\"65\" SemiHidden=\"false\"\nUnhideWhenUsed=\"false\" Name=\"Medium List 1 Accent 3\"><\/w:lsdexception>\n<w:lsdexception Locked=\"false\" Priority=\"66\" SemiHidden=\"false\"\nUnhideWhenUsed=\"false\" Name=\"Medium List 2 Accent 3\"><\/w:lsdexception>\n<w:lsdexception Locked=\"false\" Priority=\"67\" SemiHidden=\"false\"\nUnhideWhenUsed=\"false\" Name=\"Medium Grid 1 Accent 3\"><\/w:lsdexception>\n<w:lsdexception Locked=\"false\" Priority=\"68\" SemiHidden=\"false\"\nUnhideWhenUsed=\"false\" Name=\"Medium Grid 2 Accent 3\"><\/w:lsdexception>\n<w:lsdexception Locked=\"false\" Priority=\"69\" SemiHidden=\"false\"\nUnhideWhenUsed=\"false\" Name=\"Medium Grid 3 Accent 3\"><\/w:lsdexception>\n<w:lsdexception Locked=\"false\" Priority=\"70\" SemiHidden=\"false\"\nUnhideWhenUsed=\"false\" Name=\"Dark List Accent 3\"><\/w:lsdexception>\n<w:lsdexception Locked=\"false\" Priority=\"71\" SemiHidden=\"false\"\nUnhideWhenUsed=\"false\" Name=\"Colorful Shading Accent 3\"><\/w:lsdexception>\n<w:lsdexception Locked=\"false\" Priority=\"72\" SemiHidden=\"false\"\nUnhideWhenUsed=\"false\" Name=\"Colorful List Accent 3\"><\/w:lsdexception>\n<w:lsdexception Locked=\"false\" Priority=\"73\" SemiHidden=\"false\"\nUnhideWhenUsed=\"false\" Name=\"Colorful Grid Accent 3\"><\/w:lsdexception>\n<w:lsdexception Locked=\"false\" Priority=\"60\" SemiHidden=\"false\"\nUnhideWhenUsed=\"false\" Name=\"Light Shading Accent 4\"><\/w:lsdexception>\n<w:lsdexception Locked=\"false\" Priority=\"61\" SemiHidden=\"false\"\nUnhideWhenUsed=\"false\" Name=\"Light List Accent 4\"><\/w:lsdexception>\n<w:lsdexception Locked=\"false\" Priority=\"62\" SemiHidden=\"false\"\nUnhideWhenUsed=\"false\" Name=\"Light Grid Accent 4\"><\/w:lsdexception>\n<w:lsdexception Locked=\"false\" Priority=\"63\" SemiHidden=\"false\"\nUnhideWhenUsed=\"false\" Name=\"Medium Shading 1 Accent 4\"><\/w:lsdexception>\n<w:lsdexception Locked=\"false\" Priority=\"64\" SemiHidden=\"false\"\nUnhideWhenUsed=\"false\" Name=\"Medium Shading 2 Accent 4\"><\/w:lsdexception>\n<w:lsdexception Locked=\"false\" Priority=\"65\" SemiHidden=\"false\"\nUnhideWhenUsed=\"false\" Name=\"Medium List 1 Accent 4\"><\/w:lsdexception>\n<w:lsdexception Locked=\"false\" Priority=\"66\" SemiHidden=\"false\"\nUnhideWhenUsed=\"false\" Name=\"Medium List 2 Accent 4\"><\/w:lsdexception>\n<w:lsdexception Locked=\"false\" Priority=\"67\" SemiHidden=\"false\"\nUnhideWhenUsed=\"false\" Name=\"Medium Grid 1 Accent 4\"><\/w:lsdexception>\n<w:lsdexception Locked=\"false\" Priority=\"68\" SemiHidden=\"false\"\nUnhideWhenUsed=\"false\" Name=\"Medium Grid 2 Accent 4\"><\/w:lsdexception>\n<w:lsdexception Locked=\"false\" Priority=\"69\" SemiHidden=\"false\"\nUnhideWhenUsed=\"false\" Name=\"Medium Grid 3 Accent 4\"><\/w:lsdexception>\n<w:lsdexception Locked=\"false\" Priority=\"70\" SemiHidden=\"false\"\nUnhideWhenUsed=\"false\" Name=\"Dark List Accent 4\"><\/w:lsdexception>\n<w:lsdexception Locked=\"false\" Priority=\"71\" SemiHidden=\"false\"\nUnhideWhenUsed=\"false\" Name=\"Colorful Shading Accent 4\"><\/w:lsdexception>\n<w:lsdexception Locked=\"false\" Priority=\"72\" SemiHidden=\"false\"\nUnhideWhenUsed=\"false\" Name=\"Colorful List Accent 4\"><\/w:lsdexception>\n<w:lsdexception Locked=\"false\" Priority=\"73\" SemiHidden=\"false\"\nUnhideWhenUsed=\"false\" Name=\"Colorful Grid Accent 4\"><\/w:lsdexception>\n<w:lsdexception Locked=\"false\" Priority=\"60\" SemiHidden=\"false\"\nUnhideWhenUsed=\"false\" Name=\"Light Shading Accent 5\"><\/w:lsdexception>\n<w:lsdexception Locked=\"false\" Priority=\"61\" SemiHidden=\"false\"\nUnhideWhenUsed=\"false\" Name=\"Light List Accent 5\"><\/w:lsdexception>\n<w:lsdexception Locked=\"false\" Priority=\"62\" SemiHidden=\"false\"\nUnhideWhenUsed=\"false\" Name=\"Light Grid Accent 5\"><\/w:lsdexception>\n<w:lsdexception Locked=\"false\" Priority=\"63\" SemiHidden=\"false\"\nUnhideWhenUsed=\"false\" Name=\"Medium Shading 1 Accent 5\"><\/w:lsdexception>\n<w:lsdexception Locked=\"false\" Priority=\"64\" SemiHidden=\"false\"\nUnhideWhenUsed=\"false\" Name=\"Medium Shading 2 Accent 5\"><\/w:lsdexception>\n<w:lsdexception Locked=\"false\" Priority=\"65\" SemiHidden=\"false\"\nUnhideWhenUsed=\"false\" Name=\"Medium List 1 Accent 5\"><\/w:lsdexception>\n<w:lsdexception Locked=\"false\" Priority=\"66\" SemiHidden=\"false\"\nUnhideWhenUsed=\"false\" Name=\"Medium List 2 Accent 5\"><\/w:lsdexception>\n<w:lsdexception Locked=\"false\" Priority=\"67\" SemiHidden=\"false\"\nUnhideWhenUsed=\"false\" Name=\"Medium Grid 1 Accent 5\"><\/w:lsdexception>\n<w:lsdexception Locked=\"false\" Priority=\"68\" SemiHidden=\"false\"\nUnhideWhenUsed=\"false\" Name=\"Medium Grid 2 Accent 5\"><\/w:lsdexception>\n<w:lsdexception Locked=\"false\" Priority=\"69\" SemiHidden=\"false\"\nUnhideWhenUsed=\"false\" Name=\"Medium Grid 3 Accent 5\"><\/w:lsdexception>\n<w:lsdexception Locked=\"false\" Priority=\"70\" SemiHidden=\"false\"\nUnhideWhenUsed=\"false\" Name=\"Dark List Accent 5\"><\/w:lsdexception>\n<w:lsdexception Locked=\"false\" Priority=\"71\" SemiHidden=\"false\"\nUnhideWhenUsed=\"false\" Name=\"Colorful Shading Accent 5\"><\/w:lsdexception>\n<w:lsdexception Locked=\"false\" Priority=\"72\" SemiHidden=\"false\"\nUnhideWhenUsed=\"false\" Name=\"Colorful List Accent 5\"><\/w:lsdexception>\n<w:lsdexception Locked=\"false\" Priority=\"73\" SemiHidden=\"false\"\nUnhideWhenUsed=\"false\" Name=\"Colorful Grid Accent 5\"><\/w:lsdexception>\n<w:lsdexception Locked=\"false\" Priority=\"60\" SemiHidden=\"false\"\nUnhideWhenUsed=\"false\" Name=\"Light Shading Accent 6\"><\/w:lsdexception>\n<w:lsdexception Locked=\"false\" Priority=\"61\" SemiHidden=\"false\"\nUnhideWhenUsed=\"false\" Name=\"Light List Accent 6\"><\/w:lsdexception>\n<w:lsdexception Locked=\"false\" Priority=\"62\" SemiHidden=\"false\"\nUnhideWhenUsed=\"false\" Name=\"Light Grid Accent 6\"><\/w:lsdexception>\n<w:lsdexception Locked=\"false\" Priority=\"63\" SemiHidden=\"false\"\nUnhideWhenUsed=\"false\" Name=\"Medium Shading 1 Accent 6\"><\/w:lsdexception>\n<w:lsdexception Locked=\"false\" Priority=\"64\" SemiHidden=\"false\"\nUnhideWhenUsed=\"false\" Name=\"Medium Shading 2 Accent 6\"><\/w:lsdexception>\n<w:lsdexception Locked=\"false\" Priority=\"65\" SemiHidden=\"false\"\nUnhideWhenUsed=\"false\" Name=\"Medium List 1 Accent 6\"><\/w:lsdexception>\n<w:lsdexception Locked=\"false\" Priority=\"66\" SemiHidden=\"false\"\nUnhideWhenUsed=\"false\" Name=\"Medium List 2 Accent 6\"><\/w:lsdexception>\n<w:lsdexception Locked=\"false\" Priority=\"67\" SemiHidden=\"false\"\nUnhideWhenUsed=\"false\" Name=\"Medium Grid 1 Accent 6\"><\/w:lsdexception>\n<w:lsdexception Locked=\"false\" Priority=\"68\" SemiHidden=\"false\"\nUnhideWhenUsed=\"false\" Name=\"Medium Grid 2 Accent 6\"><\/w:lsdexception>\n<w:lsdexception Locked=\"false\" Priority=\"69\" SemiHidden=\"false\"\nUnhideWhenUsed=\"false\" Name=\"Medium Grid 3 Accent 6\"><\/w:lsdexception>\n<w:lsdexception Locked=\"false\" Priority=\"70\" SemiHidden=\"false\"\nUnhideWhenUsed=\"false\" Name=\"Dark List Accent 6\"><\/w:lsdexception>\n<w:lsdexception Locked=\"false\" Priority=\"71\" SemiHidden=\"false\"\nUnhideWhenUsed=\"false\" Name=\"Colorful Shading Accent 6\"><\/w:lsdexception>\n<w:lsdexception Locked=\"false\" Priority=\"72\" SemiHidden=\"false\"\nUnhideWhenUsed=\"false\" Name=\"Colorful List Accent 6\"><\/w:lsdexception>\n<w:lsdexception Locked=\"false\" Priority=\"73\" SemiHidden=\"false\"\nUnhideWhenUsed=\"false\" Name=\"Colorful Grid Accent 6\"><\/w:lsdexception>\n<w:lsdexception Locked=\"false\" Priority=\"19\" SemiHidden=\"false\"\nUnhideWhenUsed=\"false\" QFormat=\"true\" Name=\"Subtle Emphasis\"><\/w:lsdexception>\n<w:lsdexception Locked=\"false\" Priority=\"21\" SemiHidden=\"false\"\nUnhideWhenUsed=\"false\" QFormat=\"true\" Name=\"Intense Emphasis\"><\/w:lsdexception>\n<w:lsdexception Locked=\"false\" Priority=\"31\" SemiHidden=\"false\"\nUnhideWhenUsed=\"false\" QFormat=\"true\" Name=\"Subtle Reference\"><\/w:lsdexception>\n<w:lsdexception Locked=\"false\" Priority=\"32\" SemiHidden=\"false\"\nUnhideWhenUsed=\"false\" QFormat=\"true\" Name=\"Intense Reference\"><\/w:lsdexception>\n<w:lsdexception Locked=\"false\" Priority=\"33\" SemiHidden=\"false\"\nUnhideWhenUsed=\"false\" QFormat=\"true\" Name=\"Book Title\"><\/w:lsdexception>\n<w:lsdexception Locked=\"false\" Priority=\"37\" Name=\"Bibliography\"><\/w:lsdexception>\n<w:lsdexception Locked=\"false\" Priority=\"39\" QFormat=\"true\" Name=\"TOC Heading\"><\/w:lsdexception>\n<\/w:latentstyles>\n<\/xml>< ![endif]--><!--[if gte mso 10]>\n\n\n\n<style>\n \/* Style Definitions *\/\n table.MsoNormalTable\n\t{mso-style-name:\"Tabla normal\";\n\tmso-tstyle-rowband-size:0;\n\tmso-tstyle-colband-size:0;\n\tmso-style-noshow:yes;\n\tmso-style-priority:99;\n\tmso-style-qformat:yes;\n\tmso-style-parent:\"\";\n\tmso-padding-alt:0cm 5.4pt 0cm 5.4pt;\n\tmso-para-margin-top:0cm;\n\tmso-para-margin-right:0cm;\n\tmso-para-margin-bottom:10.0pt;\n\tmso-para-margin-left:0cm;\n\tline-height:115%;\n\tmso-pagination:widow-orphan;\n\tfont-size:11.0pt;\n\tfont-family:\"Calibri\",\"sans-serif\";\n\tmso-ascii-font-family:Calibri;\n\tmso-ascii-theme-font:minor-latin;\n\tmso-fareast-font-family:\"Times New Roman\";\n\tmso-fareast-theme-font:minor-fareast;\n\tmso-hansi-font-family:Calibri;\n\tmso-hansi-theme-font:minor-latin;}\n<\/style>\n\n< ![endif]--><\/p>\n<p style=\"text-align: justify;\">Partimos de la consideraci\u00f3n de que nos encontramos ante una crisis total del sistema, que requiere tambi\u00e9n de soluciones totales y globales. Trataremos Diagn\u00f3sticos, Escenarios Actuales, Din\u00e1mica de la Evoluci\u00f3n y Escenarios Futuros.<\/p>\n<p><br style=\"mso-bidi-font-weight: normal;\" \/><span style=\"mso-bidi-font-size: 14.0pt; line-height: 150%; mso-bidi-font-family: 'Times New Roman';\"><i style=\"mso-bidi-font-style: normal;\"><span style=\"mso-tab-count: 4;\">\u00a0\u00a0\u00a0\u00a0\u00a0\u00a0\u00a0\u00a0\u00a0\u00a0\u00a0\u00a0\u00a0\u00a0\u00a0\u00a0\u00a0\u00a0\u00a0\u00a0\u00a0\u00a0\u00a0\u00a0\u00a0\u00a0 <\/span><span style=\"mso-spacerun: yes;\"><br \/>\n<\/span><\/i><\/span><\/p>\n<p class=\"MsoNormal\" style=\"line-height: 150%;\">\n","protected":false},"excerpt":{"rendered":"<p>Partimos de la consideraci\u00f3n de que nos encontramos ante una crisis total del sistema, que requiere tambi\u00e9n de soluciones totales y globales. Trataremos Diagn\u00f3sticos, Escenarios Actuales, Din\u00e1mica de la Evoluci\u00f3n y Escenarios Futuros. \u00a0\u00a0\u00a0\u00a0\u00a0\u00a0\u00a0\u00a0\u00a0\u00a0\u00a0\u00a0\u00a0\u00a0\u00a0\u00a0\u00a0\u00a0\u00a0\u00a0\u00a0\u00a0\u00a0\u00a0\u00a0\u00a0<\/p>\n","protected":false},"author":1,"featured_media":0,"parent":0,"menu_order":0,"comment_status":"closed","ping_status":"open","template":"","meta":[],"_links":{"self":[{"href":"http:\/\/www.rseapmu.org\/index.php?rest_route=\/wp\/v2\/pages\/268"}],"collection":[{"href":"http:\/\/www.rseapmu.org\/index.php?rest_route=\/wp\/v2\/pages"}],"about":[{"href":"http:\/\/www.rseapmu.org\/index.php?rest_route=\/wp\/v2\/types\/page"}],"author":[{"embeddable":true,"href":"http:\/\/www.rseapmu.org\/index.php?rest_route=\/wp\/v2\/users\/1"}],"replies":[{"embeddable":true,"href":"http:\/\/www.rseapmu.org\/index.php?rest_route=%2Fwp%2Fv2%2Fcomments&post=268"}],"version-history":[{"count":7,"href":"http:\/\/www.rseapmu.org\/index.php?rest_route=\/wp\/v2\/pages\/268\/revisions"}],"predecessor-version":[{"id":872,"href":"http:\/\/www.rseapmu.org\/index.php?rest_route=\/wp\/v2\/pages\/268\/revisions\/872"}],"wp:attachment":[{"href":"http:\/\/www.rseapmu.org\/index.php?rest_route=%2Fwp%2Fv2%2Fmedia&parent=268"}],"curies":[{"name":"wp","href":"https:\/\/api.w.org\/{rel}","templated":true}]}}